{"id":2041,"date":"2021-05-31T16:08:14","date_gmt":"2021-05-31T14:08:14","guid":{"rendered":"https:\/\/candomble-berlin.de\/jogo-de-buzios\/"},"modified":"2021-07-22T11:49:04","modified_gmt":"2021-07-22T09:49:04","slug":"jogo-de-buzios","status":"publish","type":"page","link":"https:\/\/candomble-berlin.de\/pt-br\/jogo-de-buzios\/","title":{"rendered":"Jogo de b\u00fazios"},"content":{"rendered":"<p>[et_pb_section fb_built=&#8221;1&#8243; fullwidth=&#8221;on&#8221; _builder_version=&#8221;4.8.1&#8243; _module_preset=&#8221;default&#8221;][et_pb_fullwidth_image _builder_version=&#8221;4.8.1&#8243; _module_preset=&#8221;default&#8221; title_text=&#8221;Orakelweb&#8221; src=&#8221;https:\/\/candomble-berlin.de\/wp-content\/uploads\/Orakelweb.jpg&#8221; hover_enabled=&#8221;0&#8243; sticky_enabled=&#8221;0&#8243;][\/et_pb_fullwidth_image][\/et_pb_section][et_pb_section fb_built=&#8221;1&#8243; _builder_version=&#8221;4.6.5&#8243; _module_preset=&#8221;default&#8221;][et_pb_row _builder_version=&#8221;4.6.5&#8243; _module_preset=&#8221;default&#8221;][et_pb_column type=&#8221;4_4&#8243; _builder_version=&#8221;4.6.5&#8243; _module_preset=&#8221;default&#8221;][et_pb_text _builder_version=&#8221;4.8.1&#8243; _module_preset=&#8221;default&#8221;]<\/p>\n<h1>Jogo de b\u00fazios<\/h1>\n<p>O jogo de b\u00fazios \u00e9 no candombl\u00e9 um sistema oracular, que apenas pessoas iniciadas e com alto grau na hierarquia podem aprender. Ele \u00e9 a base para diagn\u00f3stico consulta e cura na nossa religi\u00e3o.  As conchas jogadas valem como um meio de revela\u00e7\u00e3o. Cada uma das conchas jogadas simboliza um orix\u00e1. Os orix\u00e1s que aparecem na jogada s\u00e3o assim em seguida consultados. No jogo de b\u00fazios podem ser feitas tanto perguntas generalizadas como tamb\u00e9m espec\u00edficas. E qualquer pessoa, sendo ela adepta da religi\u00e3o ou n\u00e3o, podem consultar os b\u00fazios.<br \/>\nA yalorix\u00e1 ou o babalorix\u00e1 desperta o ax\u00e9 (energia vital e uni\u00e3o consigo mesmo) de quem est\u00e1 procurando por ajuda. Para cada constela\u00e7\u00e3o existe um Odu (destino). A hist\u00f3ria do Odu foi transmitida oralmente durante gera\u00e7\u00f5es, e a yalorix\u00e1 ou o babalorix\u00e1 procura interpret\u00e1-la para a pessoa que consulta os b\u00fazios.<br \/>\nO jogo de b\u00fazios revela quais m\u00e9todos, banhos de ervas ou ritual devem ser realizados para restabelecer a energia do indiv\u00edduo. A depender dos sintomas, os b\u00fazios indicam determinados banhos, rituais ou at\u00e9 mesmo uma nova consulta aos b\u00fazios para se averiguar se os procedimentos foram aceitos ou o que ainda pode ser feito. <\/p>\n<h2>Diagn\u00f3stico<\/h2>\n<p>Para cada problema, existe uma solu\u00e7\u00e3o, e a forma de comunica\u00e7\u00e3o entre homens e orix\u00e1s \u00e9 o jogo do b\u00fazio. Assim, desequil\u00edbrios em diversas \u00e1reas podem ser analisados, por exemplo, em rela\u00e7\u00e3o a trabalho, amor e sa\u00fade. Muitas pessoas procuram a casa de candombl\u00e9 por motivos de sa\u00fade. Estamos nos referindo aqui n\u00e3o s\u00f3 aos participantes do candombl\u00e9, como tamb\u00e9m \u00e0s pessoas que buscam a casa simplesmente para resolverem problemas de sa\u00fade. Como no candombl\u00e9 as doen\u00e7as s\u00e3o vistas como um desiquil\u00edbrio entre o orix\u00e1 pessoal e o indiv\u00edduo, significa que tamb\u00e9m na quest\u00e3o de uma doen\u00e7a f\u00edsica as pessoas devem se livrar de energias negativas, trazendo assim energias positivas. O primeiro passo para isso \u00e9 um diagn\u00f3stico feito atrav\u00e9s de uma consulta aos b\u00fazios.<\/p>\n<h2>Cura<\/h2>\n<p>Como no candombl\u00e9 \u00e9 feita uma cura espiritual, primeiramente deve ser feita uma limpeza espiritual profunda, realizada atrav\u00e9s de um banho de ervas e depois, a depender do problema, podem ser feitos outros rituais para restabelecer o equil\u00edbrio interior.<br \/>\nO processo de cura decorre sempre individualmente, consequentemente, as sugest\u00f5es e aplica\u00e7\u00e3o dos m\u00e9todos de cura s\u00e3o tamb\u00e9m individuais.<br \/>\nPara a cura espiritual dentro do candombl\u00e9 s\u00e3o realizados rituais, jogo de b\u00fazios, assim como conversas e conselhos do Babalorix\u00e1.<\/p>\n<h2>Rituais<\/h2>\n<p>Os participantes do candombl\u00e9 se re\u00fanem regularmente para venerar os seus orix\u00e1s e cuidar das suas energias. Existem n\u00e3o s\u00f3 rituais fechados, mas tamb\u00e9m rituais abertos ao  p\u00fablico interessado. Todo orix\u00e1 possui o seu ritmo, for\u00e7a e energia pr\u00f3pria que se espalham para todos os presentes. O transe \u00e9 a parte principal,no qual a Yalorix\u00e1 ou o Babalorix\u00e1 e os seguidores da religi\u00e3o entram em contato com os seus orix\u00e1s. Atrav\u00e9s da dan\u00e7a, ritmos e dan\u00e7as \u00e9 estimulada uma experi\u00eancia de transe conjunta, a qual \u00e9 ativada uma energia c\u00f3smica e ancestral.<\/p>\n<h2>Agendamento<\/h2>\n<p>O agendamento pode ser feito atr\u00e1ves do n\u00famero +49(0)30-78096054<br \/>\nou atrav\u00e9s do e-mail:<br \/>\nbaba@ile-oba-sileke.de[\/et_pb_text][\/et_pb_column][\/et_pb_row][\/et_pb_section]<\/p>\n","protected":false},"excerpt":{"rendered":"<p>Jogo de b\u00fazios O jogo de b\u00fazios \u00e9 no candombl\u00e9 um sistema oracular, que apenas pessoas iniciadas e com alto grau na hierarquia podem aprender. Ele \u00e9 a base para diagn\u00f3stico consulta e cura na nossa religi\u00e3o. As conchas jogadas valem como um meio de revela\u00e7\u00e3o. Cada uma das conchas jogadas simboliza um orix\u00e1. Os [&hellip;]<\/p>\n","protected":false},"author":1,"featured_media":0,"parent":0,"menu_order":0,"comment_status":"closed","ping_status":"closed","template":"","meta":{"_acf_changed":false,"_et_pb_use_builder":"on","_et_pb_old_content":"","_et_gb_content_width":"","footnotes":""},"class_list":["post-2041","page","type-page","status-publish","hentry"],"acf":[],"yoast_head":"<!-- This site is optimized with the Yoast SEO plugin v27.5 - https:\/\/yoast.com\/product\/yoast-seo-wordpress\/ -->\n<title>Jogo de b\u00fazios - Candomble Berlin<\/title>\n<meta name=\"robots\" content=\"index, follow, max-snippet:-1, max-image-preview:large, max-video-preview:-1\" \/>\n<link rel=\"canonical\" href=\"https:\/\/candomble-berlin.de\/pt-br\/jogo-de-buzios\/\" \/>\n<meta property=\"og:locale\" content=\"pt_BR\" \/>\n<meta property=\"og:type\" content=\"article\" \/>\n<meta property=\"og:title\" content=\"Jogo de b\u00fazios - Candomble Berlin\" \/>\n<meta property=\"og:description\" content=\"Jogo de b\u00fazios O jogo de b\u00fazios \u00e9 no candombl\u00e9 um sistema oracular, que apenas pessoas iniciadas e com alto grau na hierarquia podem aprender. Ele \u00e9 a base para diagn\u00f3stico consulta e cura na nossa religi\u00e3o. As conchas jogadas valem como um meio de revela\u00e7\u00e3o. Cada uma das conchas jogadas simboliza um orix\u00e1. Os [&hellip;]\" \/>\n<meta property=\"og:site_name\" content=\"Candomble Berlin\" \/>\n<meta property=\"article:modified_time\" content=\"2021-07-22T09:49:04+00:00\" \/>\n<meta name=\"twitter:card\" content=\"summary_large_image\" \/>\n<meta name=\"twitter:label1\" content=\"Est. tempo de leitura\" \/>\n\t<meta name=\"twitter:data1\" content=\"3 minutos\" \/>\n<script type=\"application\/ld+json\" class=\"yoast-schema-graph\">{\"@context\":\"https:\\\/\\\/schema.org\",\"@graph\":[{\"@type\":\"WebPage\",\"@id\":\"https:\\\/\\\/candomble-berlin.de\\\/pt-br\\\/jogo-de-buzios\\\/\",\"url\":\"https:\\\/\\\/candomble-berlin.de\\\/pt-br\\\/jogo-de-buzios\\\/\",\"name\":\"Jogo de b\u00fazios - Candomble Berlin\",\"isPartOf\":{\"@id\":\"https:\\\/\\\/candomble-berlin.de\\\/pt-br\\\/#website\"},\"datePublished\":\"2021-05-31T14:08:14+00:00\",\"dateModified\":\"2021-07-22T09:49:04+00:00\",\"breadcrumb\":{\"@id\":\"https:\\\/\\\/candomble-berlin.de\\\/pt-br\\\/jogo-de-buzios\\\/#breadcrumb\"},\"inLanguage\":\"pt-BR\",\"potentialAction\":[{\"@type\":\"ReadAction\",\"target\":[\"https:\\\/\\\/candomble-berlin.de\\\/pt-br\\\/jogo-de-buzios\\\/\"]}]},{\"@type\":\"BreadcrumbList\",\"@id\":\"https:\\\/\\\/candomble-berlin.de\\\/pt-br\\\/jogo-de-buzios\\\/#breadcrumb\",\"itemListElement\":[{\"@type\":\"ListItem\",\"position\":1,\"name\":\"Startseite\",\"item\":\"https:\\\/\\\/candomble-berlin.de\\\/pt-br\\\/\"},{\"@type\":\"ListItem\",\"position\":2,\"name\":\"Jogo de b\u00fazios\"}]},{\"@type\":\"WebSite\",\"@id\":\"https:\\\/\\\/candomble-berlin.de\\\/pt-br\\\/#website\",\"url\":\"https:\\\/\\\/candomble-berlin.de\\\/pt-br\\\/\",\"name\":\"Candomble Berlin\",\"description\":\"\",\"potentialAction\":[{\"@type\":\"SearchAction\",\"target\":{\"@type\":\"EntryPoint\",\"urlTemplate\":\"https:\\\/\\\/candomble-berlin.de\\\/pt-br\\\/?s={search_term_string}\"},\"query-input\":{\"@type\":\"PropertyValueSpecification\",\"valueRequired\":true,\"valueName\":\"search_term_string\"}}],\"inLanguage\":\"pt-BR\"}]}<\/script>\n<!-- \/ Yoast SEO plugin. -->","yoast_head_json":{"title":"Jogo de b\u00fazios - Candomble Berlin","robots":{"index":"index","follow":"follow","max-snippet":"max-snippet:-1","max-image-preview":"max-image-preview:large","max-video-preview":"max-video-preview:-1"},"canonical":"https:\/\/candomble-berlin.de\/pt-br\/jogo-de-buzios\/","og_locale":"pt_BR","og_type":"article","og_title":"Jogo de b\u00fazios - Candomble Berlin","og_site_name":"Candomble Berlin","article_modified_time":"2021-07-22T09:49:04+00:00","twitter_card":"summary_large_image","twitter_misc":{"Est. tempo de leitura":"3 minutos"},"schema":{"@context":"https:\/\/schema.org","@graph":[{"@type":"WebPage","@id":"https:\/\/candomble-berlin.de\/pt-br\/jogo-de-buzios\/","url":"https:\/\/candomble-berlin.de\/pt-br\/jogo-de-buzios\/","name":"Jogo de b\u00fazios - Candomble Berlin","isPartOf":{"@id":"https:\/\/candomble-berlin.de\/pt-br\/#website"},"datePublished":"2021-05-31T14:08:14+00:00","dateModified":"2021-07-22T09:49:04+00:00","breadcrumb":{"@id":"https:\/\/candomble-berlin.de\/pt-br\/jogo-de-buzios\/#breadcrumb"},"inLanguage":"pt-BR","potentialAction":[{"@type":"ReadAction","target":["https:\/\/candomble-berlin.de\/pt-br\/jogo-de-buzios\/"]}]},{"@type":"BreadcrumbList","@id":"https:\/\/candomble-berlin.de\/pt-br\/jogo-de-buzios\/#breadcrumb","itemListElement":[{"@type":"ListItem","position":1,"name":"Startseite","item":"https:\/\/candomble-berlin.de\/pt-br\/"},{"@type":"ListItem","position":2,"name":"Jogo de b\u00fazios"}]},{"@type":"WebSite","@id":"https:\/\/candomble-berlin.de\/pt-br\/#website","url":"https:\/\/candomble-berlin.de\/pt-br\/","name":"Candomble Berlin","description":"","potentialAction":[{"@type":"SearchAction","target":{"@type":"EntryPoint","urlTemplate":"https:\/\/candomble-berlin.de\/pt-br\/?s={search_term_string}"},"query-input":{"@type":"PropertyValueSpecification","valueRequired":true,"valueName":"search_term_string"}}],"inLanguage":"pt-BR"}]}},"_links":{"self":[{"href":"https:\/\/candomble-berlin.de\/pt-br\/wp-json\/wp\/v2\/pages\/2041","targetHints":{"allow":["GET"]}}],"collection":[{"href":"https:\/\/candomble-berlin.de\/pt-br\/wp-json\/wp\/v2\/pages"}],"about":[{"href":"https:\/\/candomble-berlin.de\/pt-br\/wp-json\/wp\/v2\/types\/page"}],"author":[{"embeddable":true,"href":"https:\/\/candomble-berlin.de\/pt-br\/wp-json\/wp\/v2\/users\/1"}],"replies":[{"embeddable":true,"href":"https:\/\/candomble-berlin.de\/pt-br\/wp-json\/wp\/v2\/comments?post=2041"}],"version-history":[{"count":5,"href":"https:\/\/candomble-berlin.de\/pt-br\/wp-json\/wp\/v2\/pages\/2041\/revisions"}],"predecessor-version":[{"id":2366,"href":"https:\/\/candomble-berlin.de\/pt-br\/wp-json\/wp\/v2\/pages\/2041\/revisions\/2366"}],"wp:attachment":[{"href":"https:\/\/candomble-berlin.de\/pt-br\/wp-json\/wp\/v2\/media?parent=2041"}],"curies":[{"name":"wp","href":"https:\/\/api.w.org\/{rel}","templated":true}]}}