{"id":2036,"date":"2021-05-31T16:06:07","date_gmt":"2021-05-31T14:06:07","guid":{"rendered":"https:\/\/candomble-berlin.de\/ile-oba-sileke\/"},"modified":"2021-05-31T16:06:07","modified_gmt":"2021-05-31T14:06:07","slug":"ile-oba-sileke","status":"publish","type":"page","link":"https:\/\/candomble-berlin.de\/pt-br\/ile-oba-sileke\/","title":{"rendered":"Il\u00ea Ob\u00e1 Silek\u00e9"},"content":{"rendered":"<p>[et_pb_section fb_built=&#8221;1&#8243; _builder_version=&#8221;4.6.5&#8243; _module_preset=&#8221;default&#8221;][et_pb_row _builder_version=&#8221;4.6.5&#8243; _module_preset=&#8221;default&#8221;][et_pb_column type=&#8221;4_4&#8243; _builder_version=&#8221;4.6.5&#8243; _module_preset=&#8221;default&#8221;][et_pb_text _builder_version=&#8221;4.9.4&#8243; _module_preset=&#8221;default&#8221;]<\/p>\n<p>\u200b<\/p>\n<h1>Il\u00ea Ob\u00e1 Silek\u00e9<\/h1>\n<p>Com a abertura do Il\u00ea Ob\u00e1 Silek\u00e9 no ano de 2003 em Berlim na Alemanha, est\u00e1 sendo oferecido a todos adeptos e interessados no Candombl\u00e9, a posssibilidade de se cultuar, preservar e difundir esta religi\u00e3o, em toda sua beleza e for\u00e7a.<\/p>\n<p>Babalorix\u00e1 Muralesimbe, Samuel (Murah) Soares  fundador e zelador deste espa\u00e7o, atua no Candombl\u00e9 desde 1980. Iniciado pelo saudoso Bab\u00e1 Badu de Oxossi, no  Ap\u00f3 Ax\u00e9 Ala Nan Muji em Salvador, \u00e9 atualmente filho de Y\u00e1 Beata de Iemanj\u00e1, Beatriz Moreira Costa, do Il\u00ea Omi Oj\u00fa Ar\u00f4 -Casa das \u00c1guas dos Olhos de Oxossi- no Rio de Janeiro.<\/p>\n<p>Naturalmente, as atividades de uma Casa de Candombl\u00e9 em Berlim n\u00e3o podem ser moldadas tipicamente como no Brasil. Algumas adapta\u00e7\u00f5es s\u00e3o necess\u00e1rias, levando-se em conta a vida pessoal e profissional dos participantes da comunidade, bem como as limita\u00e7\u00f5es legais em respeito \u00e0 matan\u00e7a de animais, ou mesmo o respeito aos hor\u00e1rios de sil\u00eancio e a aus\u00eancia de algumas plantas tropicais. Por outro lado, a globaliza\u00e7\u00e3o e a difus\u00e3o de diversas culturas na capital alem\u00e3 t\u00eam contribu\u00eddo ao culto dos Orix\u00e1s, pois podem-se encontrar diversos suprimentos fundamentais para o Candombl\u00e9 em mercados asi\u00e1ticos, africanos e \u00e1rabes por exemplo, como ingredientes da culin\u00e1ria do ax\u00e9 e alguns acess\u00f3rios e ervas necess\u00e1rias para os ritos. <\/p>\n<p>[\/et_pb_text][\/et_pb_column][\/et_pb_row][et_pb_row column_structure=&#8221;3_5,2_5&#8243; _builder_version=&#8221;4.6.5&#8243; _module_preset=&#8221;default&#8221;][et_pb_column type=&#8221;3_5&#8243; _builder_version=&#8221;4.6.5&#8243; _module_preset=&#8221;default&#8221;][et_pb_text _builder_version=&#8221;4.9.4&#8243; _module_preset=&#8221;default&#8221;]<\/p>\n<p>\u200bOs eventos do Il\u00ea Ob\u00e1 Silek\u00e9 atraem v\u00e1rios interessados e adeptos do Candombl\u00e9, at\u00e9 mesmo Babalorix\u00e1s oriundos de v\u00e1rias partes do Brasil, residentes na Europa. As reuni\u00f5es privadas acontecem todas as quartas-feiras para os filhos da Casa, enquanto que os rituais abertos ao p\u00fablico se realizam geralmente em s\u00e1bados a cada dois meses.<\/p>\n<p>Ele alerta para a importancia do culto aos Orix\u00e1s, cuja prote\u00e7\u00e3o se faz presente aonde estiverem pessoas que convoquem estas for\u00e7as, com f\u00e9  e respeito aos rituais e obriga\u00e7\u00f5es necess\u00e1rias. Manipular a magia positiva da natureza, favorecendo o crescimento individual e o bem coletivo \u00e9 o objetivo maior do Il\u00ea Ob\u00e1 Silek\u00e9, em Berlim. Atrav\u00e9s primeiramente da consulta ao or\u00e1culo dos b\u00fazios, o consulente vem a saber como est\u00e3o seus n\u00edveis de energia e prote\u00e7\u00e3o e todos os conselhos dos Orix\u00e1s pra aumentar o bem-estar espiritual do mesmo. O Il\u00ea Ob\u00e1 Silek\u00e9,  n\u00e3o oferece promessas de milagres e atos inusitados, mas sim, estabelece uma ponte entre o homem e as for\u00e7as da natureza, simbolizadas pelos Orix\u00e1s, ensinando-o a manipular e mover estas energias, visando a prote\u00e7\u00e3o e o crescimento espiritual. Desde o dia 8 de dezembro de 2007, passou a funcionar nas instala\u00e7\u00f5es do andar superior do Centro Intercultural Forum Brasil, contando com muitos adeptos e simpatizantes. Este espa\u00e7o oferece al\u00e9m de consultas individuais, reuni\u00f5es e rituais abertos ao p\u00fablico em geral, interessado em conhecer e participar das atividades do Candombl\u00e9. <\/p>\n<p>[\/et_pb_text][\/et_pb_column][et_pb_column type=&#8221;2_5&#8243; _builder_version=&#8221;4.6.5&#8243; _module_preset=&#8221;default&#8221;][et_pb_image src=&#8221;https:\/\/candomble-berlin.de\/wp-content\/uploads\/Ileobasilekebarracaoweb.jpg&#8221; title_text=&#8221;Baba Muralesimbe und seine filhos de santo&#8221; show_in_lightbox=&#8221;on&#8221; _builder_version=&#8221;4.9.4&#8243; _module_preset=&#8221;default&#8221;][\/et_pb_image][\/et_pb_column][\/et_pb_row][\/et_pb_section]<\/p>\n","protected":false},"excerpt":{"rendered":"<p>\u200b Il\u00ea Ob\u00e1 Silek\u00e9 Com a abertura do Il\u00ea Ob\u00e1 Silek\u00e9 no ano de 2003 em Berlim na Alemanha, est\u00e1 sendo oferecido a todos adeptos e interessados no Candombl\u00e9, a posssibilidade de se cultuar, preservar e difundir esta religi\u00e3o, em toda sua beleza e for\u00e7a. Babalorix\u00e1 Muralesimbe, Samuel (Murah) Soares fundador e zelador deste espa\u00e7o, [&hellip;]<\/p>\n","protected":false},"author":1,"featured_media":0,"parent":0,"menu_order":0,"comment_status":"closed","ping_status":"closed","template":"","meta":{"_acf_changed":false,"_et_pb_use_builder":"on","_et_pb_old_content":"","_et_gb_content_width":"","footnotes":""},"class_list":["post-2036","page","type-page","status-publish","hentry"],"acf":[],"yoast_head":"<!-- This site is optimized with the Yoast SEO plugin v27.5 - https:\/\/yoast.com\/product\/yoast-seo-wordpress\/ -->\n<title>Il\u00ea Ob\u00e1 Silek\u00e9 - Candomble Berlin<\/title>\n<meta name=\"robots\" content=\"index, follow, max-snippet:-1, max-image-preview:large, max-video-preview:-1\" \/>\n<link rel=\"canonical\" href=\"https:\/\/candomble-berlin.de\/pt-br\/ile-oba-sileke\/\" \/>\n<meta property=\"og:locale\" content=\"pt_BR\" \/>\n<meta property=\"og:type\" content=\"article\" \/>\n<meta property=\"og:title\" content=\"Il\u00ea Ob\u00e1 Silek\u00e9 - Candomble Berlin\" \/>\n<meta property=\"og:description\" content=\"\u200b Il\u00ea Ob\u00e1 Silek\u00e9 Com a abertura do Il\u00ea Ob\u00e1 Silek\u00e9 no ano de 2003 em Berlim na Alemanha, est\u00e1 sendo oferecido a todos adeptos e interessados no Candombl\u00e9, a posssibilidade de se cultuar, preservar e difundir esta religi\u00e3o, em toda sua beleza e for\u00e7a. Babalorix\u00e1 Muralesimbe, Samuel (Murah) Soares fundador e zelador deste espa\u00e7o, [&hellip;]\" \/>\n<meta property=\"og:site_name\" content=\"Candomble Berlin\" \/>\n<meta name=\"twitter:card\" content=\"summary_large_image\" \/>\n<meta name=\"twitter:label1\" content=\"Est. tempo de leitura\" \/>\n\t<meta name=\"twitter:data1\" content=\"3 minutos\" \/>\n<script type=\"application\/ld+json\" class=\"yoast-schema-graph\">{\"@context\":\"https:\\\/\\\/schema.org\",\"@graph\":[{\"@type\":\"WebPage\",\"@id\":\"https:\\\/\\\/candomble-berlin.de\\\/pt-br\\\/ile-oba-sileke\\\/\",\"url\":\"https:\\\/\\\/candomble-berlin.de\\\/pt-br\\\/ile-oba-sileke\\\/\",\"name\":\"Il\u00ea Ob\u00e1 Silek\u00e9 - Candomble Berlin\",\"isPartOf\":{\"@id\":\"https:\\\/\\\/candomble-berlin.de\\\/pt-br\\\/#website\"},\"datePublished\":\"2021-05-31T14:06:07+00:00\",\"breadcrumb\":{\"@id\":\"https:\\\/\\\/candomble-berlin.de\\\/pt-br\\\/ile-oba-sileke\\\/#breadcrumb\"},\"inLanguage\":\"pt-BR\",\"potentialAction\":[{\"@type\":\"ReadAction\",\"target\":[\"https:\\\/\\\/candomble-berlin.de\\\/pt-br\\\/ile-oba-sileke\\\/\"]}]},{\"@type\":\"BreadcrumbList\",\"@id\":\"https:\\\/\\\/candomble-berlin.de\\\/pt-br\\\/ile-oba-sileke\\\/#breadcrumb\",\"itemListElement\":[{\"@type\":\"ListItem\",\"position\":1,\"name\":\"Startseite\",\"item\":\"https:\\\/\\\/candomble-berlin.de\\\/pt-br\\\/\"},{\"@type\":\"ListItem\",\"position\":2,\"name\":\"Il\u00ea Ob\u00e1 Silek\u00e9\"}]},{\"@type\":\"WebSite\",\"@id\":\"https:\\\/\\\/candomble-berlin.de\\\/pt-br\\\/#website\",\"url\":\"https:\\\/\\\/candomble-berlin.de\\\/pt-br\\\/\",\"name\":\"Candomble Berlin\",\"description\":\"\",\"potentialAction\":[{\"@type\":\"SearchAction\",\"target\":{\"@type\":\"EntryPoint\",\"urlTemplate\":\"https:\\\/\\\/candomble-berlin.de\\\/pt-br\\\/?s={search_term_string}\"},\"query-input\":{\"@type\":\"PropertyValueSpecification\",\"valueRequired\":true,\"valueName\":\"search_term_string\"}}],\"inLanguage\":\"pt-BR\"}]}<\/script>\n<!-- \/ Yoast SEO plugin. -->","yoast_head_json":{"title":"Il\u00ea Ob\u00e1 Silek\u00e9 - Candomble Berlin","robots":{"index":"index","follow":"follow","max-snippet":"max-snippet:-1","max-image-preview":"max-image-preview:large","max-video-preview":"max-video-preview:-1"},"canonical":"https:\/\/candomble-berlin.de\/pt-br\/ile-oba-sileke\/","og_locale":"pt_BR","og_type":"article","og_title":"Il\u00ea Ob\u00e1 Silek\u00e9 - Candomble Berlin","og_site_name":"Candomble Berlin","twitter_card":"summary_large_image","twitter_misc":{"Est. tempo de leitura":"3 minutos"},"schema":{"@context":"https:\/\/schema.org","@graph":[{"@type":"WebPage","@id":"https:\/\/candomble-berlin.de\/pt-br\/ile-oba-sileke\/","url":"https:\/\/candomble-berlin.de\/pt-br\/ile-oba-sileke\/","name":"Il\u00ea Ob\u00e1 Silek\u00e9 - Candomble Berlin","isPartOf":{"@id":"https:\/\/candomble-berlin.de\/pt-br\/#website"},"datePublished":"2021-05-31T14:06:07+00:00","breadcrumb":{"@id":"https:\/\/candomble-berlin.de\/pt-br\/ile-oba-sileke\/#breadcrumb"},"inLanguage":"pt-BR","potentialAction":[{"@type":"ReadAction","target":["https:\/\/candomble-berlin.de\/pt-br\/ile-oba-sileke\/"]}]},{"@type":"BreadcrumbList","@id":"https:\/\/candomble-berlin.de\/pt-br\/ile-oba-sileke\/#breadcrumb","itemListElement":[{"@type":"ListItem","position":1,"name":"Startseite","item":"https:\/\/candomble-berlin.de\/pt-br\/"},{"@type":"ListItem","position":2,"name":"Il\u00ea Ob\u00e1 Silek\u00e9"}]},{"@type":"WebSite","@id":"https:\/\/candomble-berlin.de\/pt-br\/#website","url":"https:\/\/candomble-berlin.de\/pt-br\/","name":"Candomble Berlin","description":"","potentialAction":[{"@type":"SearchAction","target":{"@type":"EntryPoint","urlTemplate":"https:\/\/candomble-berlin.de\/pt-br\/?s={search_term_string}"},"query-input":{"@type":"PropertyValueSpecification","valueRequired":true,"valueName":"search_term_string"}}],"inLanguage":"pt-BR"}]}},"_links":{"self":[{"href":"https:\/\/candomble-berlin.de\/pt-br\/wp-json\/wp\/v2\/pages\/2036","targetHints":{"allow":["GET"]}}],"collection":[{"href":"https:\/\/candomble-berlin.de\/pt-br\/wp-json\/wp\/v2\/pages"}],"about":[{"href":"https:\/\/candomble-berlin.de\/pt-br\/wp-json\/wp\/v2\/types\/page"}],"author":[{"embeddable":true,"href":"https:\/\/candomble-berlin.de\/pt-br\/wp-json\/wp\/v2\/users\/1"}],"replies":[{"embeddable":true,"href":"https:\/\/candomble-berlin.de\/pt-br\/wp-json\/wp\/v2\/comments?post=2036"}],"version-history":[{"count":2,"href":"https:\/\/candomble-berlin.de\/pt-br\/wp-json\/wp\/v2\/pages\/2036\/revisions"}],"predecessor-version":[{"id":2038,"href":"https:\/\/candomble-berlin.de\/pt-br\/wp-json\/wp\/v2\/pages\/2036\/revisions\/2038"}],"wp:attachment":[{"href":"https:\/\/candomble-berlin.de\/pt-br\/wp-json\/wp\/v2\/media?parent=2036"}],"curies":[{"name":"wp","href":"https:\/\/api.w.org\/{rel}","templated":true}]}}