{"id":2030,"date":"2021-05-31T16:01:13","date_gmt":"2021-05-31T14:01:13","guid":{"rendered":"https:\/\/candomble-berlin.de\/candomble\/"},"modified":"2021-06-01T19:03:23","modified_gmt":"2021-06-01T17:03:23","slug":"candomble","status":"publish","type":"page","link":"https:\/\/candomble-berlin.de\/pt-br\/candomble\/","title":{"rendered":"Candombl\u00e9"},"content":{"rendered":"<p>[et_pb_section fb_built=&#8221;1&#8243; _builder_version=&#8221;4.6.5&#8243; _module_preset=&#8221;default&#8221;][et_pb_row _builder_version=&#8221;4.6.5&#8243; _module_preset=&#8221;default&#8221;][et_pb_column type=&#8221;4_4&#8243; _builder_version=&#8221;4.6.5&#8243; _module_preset=&#8221;default&#8221;][et_pb_text _builder_version=&#8221;4.6.5&#8243; _module_preset=&#8221;default&#8221;]<\/p>\n<h1>Candombl\u00e9<\/h1>\n<p>O Candombl\u00e9 \u00e9 uma religi\u00e3o afro-brasileira praticada principalmente no Brasil, mas que tem se expandido consideravelmente em v\u00e1rias partes do mundo.<\/p>\n<p>O Candombl\u00e9 surge em terra brasileira a partir da exporta\u00e7\u00e3o de escravos africanos para o Brasil, que aconteceu a partir do s\u00e9culo XVI at\u00e9 o s\u00e9culo XIX. Grande parte dos escravos eram de origem Bantu, advindos da regi\u00e3o da atual Angola, e de origem Iorub\u00e1, habitantes da regi\u00e3o que fica hoje entre Benin e Nig\u00e9ria. Foram os Iorub\u00e1s que fundaram, na Bahia, a religi\u00e3o do Candombl\u00e9.<br \/>\nIorub\u00e1 trata-se tanto de uma l\u00edngua africana como tamb\u00e9m de um grupo \u00e9tnico.<\/p>\n<p>O povo Iorub\u00e1 que viveu no Brasil trabalhava n\u00e3o s\u00f3 como escravo na planta\u00e7\u00e3o de a\u00e7\u00facar como tamb\u00e9m no servi\u00e7o dom\u00e9tisco nas casas de seus senhores. Tendo esses melhores chances de manterem contato entre si, puderam assim manter e praticar sua tradi\u00e7\u00e3o e religi\u00e3o. Com o fim do ciclo de cana de a\u00e7\u00facar no s\u00e9culo XVIII, muitos escravos trabalharam como escravos de ganho nas cidades grandes, principalmente em Salvador, o que propriciou que eles juntassem dinheiro para compra de suas liberdades, bem como possuir lotes para a cria\u00e7\u00e3o dos primeiros terreiros.\n<\/p>\n<p>[\/et_pb_text][\/et_pb_column][\/et_pb_row][et_pb_row column_structure=&#8221;3_5,2_5&#8243; _builder_version=&#8221;4.6.5&#8243; _module_preset=&#8221;default&#8221;][et_pb_column type=&#8221;3_5&#8243; _builder_version=&#8221;4.6.5&#8243; _module_preset=&#8221;default&#8221;][et_pb_text _builder_version=&#8221;4.6.5&#8243; _module_preset=&#8221;default&#8221;]<\/p>\n<p>Tendo em suas origens africanas um aspecto partriarcal, no Brasil o candombl\u00e9 desenvolveu-se como uma das poucas religi\u00f5es matriarcais do mundo. Tal mudan\u00e7a se deu ao fato de que, enquanto os escravos eram proibidos de praticarem sua religi\u00e3o, as mulheres de descend\u00eancia africana casadas com portugueses recebiam a permiss\u00e3o dos seus maridos para praticarem o candombl\u00e9.<\/p>\n<p>Confinado originalmente \u00e0 popula\u00e7\u00e3o de escravos, criminalizado pelos governantes at\u00e9 1930 e proibido pela Igreja cat\u00f3lica, o candombl\u00e9 expandiu-se consideravelmente com a aboli\u00e7\u00e3o da escravatura. Atualmente, \u00e9 uma das principais religi\u00f5es estabelecidas no Brasil, com milh\u00f5es de adeptos e seguidores oriundos de diversos lugares do mundo e de camadas sociais. Hoje em dia a liberdade religiosa \u00e9 um direito garantido a todos n\u00e3o s\u00f3 no Brasil como tamb\u00e9m em toda a Am\u00e9rica Latina.\n<\/p>\n<p>[\/et_pb_text][\/et_pb_column][et_pb_column type=&#8221;2_5&#8243; _builder_version=&#8221;4.6.5&#8243; _module_preset=&#8221;default&#8221;][et_pb_image src=&#8221;https:\/\/candomble-berlin.de\/wp-content\/uploads\/17Orixs.jpg&#8221; alt=&#8221;17 Orix\u00e1s, \u00a9 Gustavo Teixeira&#8221; title_text=&#8221;17 Orix\u00e1s&#8221; show_in_lightbox=&#8221;on&#8221; _builder_version=&#8221;4.6.5&#8243; _module_preset=&#8221;default&#8221;][\/et_pb_image][\/et_pb_column][\/et_pb_row][et_pb_row column_structure=&#8221;2_5,3_5&#8243; _builder_version=&#8221;4.6.5&#8243; _module_preset=&#8221;default&#8221;][et_pb_column type=&#8221;2_5&#8243; _builder_version=&#8221;4.6.5&#8243; _module_preset=&#8221;default&#8221;][et_pb_image src=&#8221;https:\/\/candomble-berlin.de\/wp-content\/uploads\/258_3_Baba-Murah-Candomble.jpg&#8221; alt=&#8221;Baba Murah tanzt f\u00fcr die Orixas, \u00a9 Fernando Miceli&#8221; title_text=&#8221;258 3 Baba Murah Candomble&#8221; show_in_lightbox=&#8221;on&#8221; _builder_version=&#8221;4.6.5&#8243; _module_preset=&#8221;default&#8221; hover_enabled=&#8221;0&#8243; sticky_enabled=&#8221;0&#8243;][\/et_pb_image][\/et_pb_column][et_pb_column type=&#8221;3_5&#8243; _builder_version=&#8221;4.6.5&#8243; _module_preset=&#8221;default&#8221;][et_pb_text _builder_version=&#8221;4.6.5&#8243; _module_preset=&#8221;default&#8221; hover_enabled=&#8221;0&#8243; sticky_enabled=&#8221;0&#8243;]<\/p>\n<p>Mesmo que no candombl\u00e9 existam diversos orix\u00e1s, acredita-se em um Deus superior, Olorum. Por causa de seu poder, Olorum quase nunca \u00e9 venerado diretamente, mas sim atrav\u00e9s dos orix\u00e1s, seus mensageiros.<\/p>\n<p>Cada orix\u00e1 tem sua individualidade, cor e s\u00edmbolos, assim como tamb\u00e9m diferentes formas de serem invocados e adorados, atrav\u00e9s de suas dan\u00e7as, ritmos, ora\u00e7\u00e3o, cantos e oferendas.<\/p>\n<p>[\/et_pb_text][\/et_pb_column][\/et_pb_row][et_pb_row _builder_version=&#8221;4.6.5&#8243; _module_preset=&#8221;default&#8221;][et_pb_column type=&#8221;4_4&#8243; _builder_version=&#8221;4.6.5&#8243; _module_preset=&#8221;default&#8221;][et_pb_text _builder_version=&#8221;4.6.5&#8243; _module_preset=&#8221;default&#8221; hover_enabled=&#8221;0&#8243; sticky_enabled=&#8221;0&#8243;]<\/p>\n<h2>Candombl\u00e9 como m\u00e9todo de cura<\/h2>\n<p>Os Babalorix\u00e1s e as Yalorix\u00e1s (a forma femina) s\u00e3o no candombl\u00e9, ao mesmo tempo, l\u00edderes espirituais, adivinhos e curandeiros. Com a ajuda dos b\u00fazios, eles podem ver o que est\u00e1 fora de equilibrio ou o que amea\u00e7a sair de equlibrio, tanto dentro da comunidade de sua casa, como individualmente.<\/p>\n<p>Eles veem atrav\u00e9s dos b\u00fazios qual ritual, ervas, banhos e cerim\u00f4nias podem trazer a cura e a harmonia no plano espiritual da pessoa. Uma vez que o lado espiritual esteja em equil\u00edbrio, \u00e9 poss\u00edvel se construir uma base que se manifesta tamb\u00e9m no plano material. Candombl\u00e9 \u00e9, com isso, n\u00e3o apenas uma religi\u00e3o, mas tamb\u00e9m um caminho de cura, que pode ser utilizado contra problemas do corpo e da alma.<\/p>\n<p>[\/et_pb_text][\/et_pb_column][\/et_pb_row][\/et_pb_section]<\/p>\n","protected":false},"excerpt":{"rendered":"<p>Candombl\u00e9 O Candombl\u00e9 \u00e9 uma religi\u00e3o afro-brasileira praticada principalmente no Brasil, mas que tem se expandido consideravelmente em v\u00e1rias partes do mundo. O Candombl\u00e9 surge em terra brasileira a partir da exporta\u00e7\u00e3o de escravos africanos para o Brasil, que aconteceu a partir do s\u00e9culo XVI at\u00e9 o s\u00e9culo XIX. Grande parte dos escravos eram de [&hellip;]<\/p>\n","protected":false},"author":1,"featured_media":0,"parent":0,"menu_order":0,"comment_status":"closed","ping_status":"closed","template":"","meta":{"_acf_changed":false,"_et_pb_use_builder":"on","_et_pb_old_content":"","_et_gb_content_width":"","footnotes":""},"class_list":["post-2030","page","type-page","status-publish","hentry"],"acf":[],"yoast_head":"<!-- This site is optimized with the Yoast SEO plugin v27.2 - https:\/\/yoast.com\/product\/yoast-seo-wordpress\/ -->\n<title>Candombl\u00e9 - Candomble Berlin<\/title>\n<meta name=\"robots\" content=\"index, follow, max-snippet:-1, max-image-preview:large, max-video-preview:-1\" \/>\n<link rel=\"canonical\" href=\"https:\/\/candomble-berlin.de\/pt-br\/candomble\/\" \/>\n<meta property=\"og:locale\" content=\"pt_BR\" \/>\n<meta property=\"og:type\" content=\"article\" \/>\n<meta property=\"og:title\" content=\"Candombl\u00e9 - Candomble Berlin\" \/>\n<meta property=\"og:description\" content=\"Candombl\u00e9 O Candombl\u00e9 \u00e9 uma religi\u00e3o afro-brasileira praticada principalmente no Brasil, mas que tem se expandido consideravelmente em v\u00e1rias partes do mundo. O Candombl\u00e9 surge em terra brasileira a partir da exporta\u00e7\u00e3o de escravos africanos para o Brasil, que aconteceu a partir do s\u00e9culo XVI at\u00e9 o s\u00e9culo XIX. Grande parte dos escravos eram de [&hellip;]\" \/>\n<meta property=\"og:site_name\" content=\"Candomble Berlin\" \/>\n<meta property=\"article:modified_time\" content=\"2021-06-01T17:03:23+00:00\" \/>\n<meta name=\"twitter:card\" content=\"summary_large_image\" \/>\n<meta name=\"twitter:label1\" content=\"Est. tempo de leitura\" \/>\n\t<meta name=\"twitter:data1\" content=\"4 minutos\" \/>\n<script type=\"application\/ld+json\" class=\"yoast-schema-graph\">{\"@context\":\"https:\/\/schema.org\",\"@graph\":[{\"@type\":\"WebPage\",\"@id\":\"https:\/\/candomble-berlin.de\/pt-br\/candomble\/\",\"url\":\"https:\/\/candomble-berlin.de\/pt-br\/candomble\/\",\"name\":\"Candombl\u00e9 - Candomble Berlin\",\"isPartOf\":{\"@id\":\"https:\/\/candomble-berlin.de\/pt-br\/#website\"},\"datePublished\":\"2021-05-31T14:01:13+00:00\",\"dateModified\":\"2021-06-01T17:03:23+00:00\",\"breadcrumb\":{\"@id\":\"https:\/\/candomble-berlin.de\/pt-br\/candomble\/#breadcrumb\"},\"inLanguage\":\"pt-BR\",\"potentialAction\":[{\"@type\":\"ReadAction\",\"target\":[\"https:\/\/candomble-berlin.de\/pt-br\/candomble\/\"]}]},{\"@type\":\"BreadcrumbList\",\"@id\":\"https:\/\/candomble-berlin.de\/pt-br\/candomble\/#breadcrumb\",\"itemListElement\":[{\"@type\":\"ListItem\",\"position\":1,\"name\":\"Startseite\",\"item\":\"https:\/\/candomble-berlin.de\/pt-br\/\"},{\"@type\":\"ListItem\",\"position\":2,\"name\":\"Candombl\u00e9\"}]},{\"@type\":\"WebSite\",\"@id\":\"https:\/\/candomble-berlin.de\/pt-br\/#website\",\"url\":\"https:\/\/candomble-berlin.de\/pt-br\/\",\"name\":\"Candomble Berlin\",\"description\":\"\",\"potentialAction\":[{\"@type\":\"SearchAction\",\"target\":{\"@type\":\"EntryPoint\",\"urlTemplate\":\"https:\/\/candomble-berlin.de\/pt-br\/?s={search_term_string}\"},\"query-input\":{\"@type\":\"PropertyValueSpecification\",\"valueRequired\":true,\"valueName\":\"search_term_string\"}}],\"inLanguage\":\"pt-BR\"}]}<\/script>\n<!-- \/ Yoast SEO plugin. -->","yoast_head_json":{"title":"Candombl\u00e9 - Candomble Berlin","robots":{"index":"index","follow":"follow","max-snippet":"max-snippet:-1","max-image-preview":"max-image-preview:large","max-video-preview":"max-video-preview:-1"},"canonical":"https:\/\/candomble-berlin.de\/pt-br\/candomble\/","og_locale":"pt_BR","og_type":"article","og_title":"Candombl\u00e9 - Candomble Berlin","og_site_name":"Candomble Berlin","article_modified_time":"2021-06-01T17:03:23+00:00","twitter_card":"summary_large_image","twitter_misc":{"Est. tempo de leitura":"4 minutos"},"schema":{"@context":"https:\/\/schema.org","@graph":[{"@type":"WebPage","@id":"https:\/\/candomble-berlin.de\/pt-br\/candomble\/","url":"https:\/\/candomble-berlin.de\/pt-br\/candomble\/","name":"Candombl\u00e9 - Candomble Berlin","isPartOf":{"@id":"https:\/\/candomble-berlin.de\/pt-br\/#website"},"datePublished":"2021-05-31T14:01:13+00:00","dateModified":"2021-06-01T17:03:23+00:00","breadcrumb":{"@id":"https:\/\/candomble-berlin.de\/pt-br\/candomble\/#breadcrumb"},"inLanguage":"pt-BR","potentialAction":[{"@type":"ReadAction","target":["https:\/\/candomble-berlin.de\/pt-br\/candomble\/"]}]},{"@type":"BreadcrumbList","@id":"https:\/\/candomble-berlin.de\/pt-br\/candomble\/#breadcrumb","itemListElement":[{"@type":"ListItem","position":1,"name":"Startseite","item":"https:\/\/candomble-berlin.de\/pt-br\/"},{"@type":"ListItem","position":2,"name":"Candombl\u00e9"}]},{"@type":"WebSite","@id":"https:\/\/candomble-berlin.de\/pt-br\/#website","url":"https:\/\/candomble-berlin.de\/pt-br\/","name":"Candomble Berlin","description":"","potentialAction":[{"@type":"SearchAction","target":{"@type":"EntryPoint","urlTemplate":"https:\/\/candomble-berlin.de\/pt-br\/?s={search_term_string}"},"query-input":{"@type":"PropertyValueSpecification","valueRequired":true,"valueName":"search_term_string"}}],"inLanguage":"pt-BR"}]}},"_links":{"self":[{"href":"https:\/\/candomble-berlin.de\/pt-br\/wp-json\/wp\/v2\/pages\/2030","targetHints":{"allow":["GET"]}}],"collection":[{"href":"https:\/\/candomble-berlin.de\/pt-br\/wp-json\/wp\/v2\/pages"}],"about":[{"href":"https:\/\/candomble-berlin.de\/pt-br\/wp-json\/wp\/v2\/types\/page"}],"author":[{"embeddable":true,"href":"https:\/\/candomble-berlin.de\/pt-br\/wp-json\/wp\/v2\/users\/1"}],"replies":[{"embeddable":true,"href":"https:\/\/candomble-berlin.de\/pt-br\/wp-json\/wp\/v2\/comments?post=2030"}],"version-history":[{"count":5,"href":"https:\/\/candomble-berlin.de\/pt-br\/wp-json\/wp\/v2\/pages\/2030\/revisions"}],"predecessor-version":[{"id":2131,"href":"https:\/\/candomble-berlin.de\/pt-br\/wp-json\/wp\/v2\/pages\/2030\/revisions\/2131"}],"wp:attachment":[{"href":"https:\/\/candomble-berlin.de\/pt-br\/wp-json\/wp\/v2\/media?parent=2030"}],"curies":[{"name":"wp","href":"https:\/\/api.w.org\/{rel}","templated":true}]}}