{"id":2024,"date":"2021-05-31T15:49:11","date_gmt":"2021-05-31T13:49:11","guid":{"rendered":"https:\/\/candomble-berlin.de\/inicio\/"},"modified":"2021-06-14T16:09:44","modified_gmt":"2021-06-14T14:09:44","slug":"inicio","status":"publish","type":"page","link":"https:\/\/candomble-berlin.de\/pt-br\/","title":{"rendered":"In\u00edcio"},"content":{"rendered":"<p>[et_pb_section fb_built=&#8221;1&#8243; fullwidth=&#8221;on&#8221; _builder_version=&#8221;4.5.0&#8243; _module_preset=&#8221;default&#8221; saved_tabs=&#8221;all&#8221;][et_pb_fullwidth_image src=&#8221;https:\/\/candomble-berlin.de\/wp-content\/uploads\/titelfoto.jpg&#8221; title_text=&#8221;Titelfoto&#8221; _builder_version=&#8221;4.5.0&#8243; _module_preset=&#8221;default&#8221;][\/et_pb_fullwidth_image][\/et_pb_section][et_pb_section fb_built=&#8221;1&#8243; admin_label=&#8221;section&#8221; _builder_version=&#8221;3.22&#8243;][et_pb_row disabled_on=&#8221;off|off|off&#8221; admin_label=&#8221;row&#8221; _builder_version=&#8221;3.25&#8243;][et_pb_column type=&#8221;4_4&#8243; _builder_version=&#8221;3.25&#8243; custom_padding=&#8221;|||&#8221; custom_padding__hover=&#8221;|||&#8221;][et_pb_text _builder_version=&#8221;4.8.1&#8243; _module_preset=&#8221;default&#8221;]<\/p>\n<h1>Liebe G\u00e4ste des Il\u00ea Ob\u00e1 Silek\u00e9 Hauses in Berlin<\/h1>\n<h2>Herzlich willkommen!<\/h2>\n<p>Von Deutschland aus er\u00f6ffnen wir diese Webseite mit dem Ziel, die afro-brasilianische Religion des <a href=\"https:\/\/candomble-berlin.de\/pt-br\/candomble\/\">Candombl\u00e9<\/a>, ihre Riten, Traditionen und ganzheitlichen Heilungswege f\u00fcr interessierte Leser in Deutschland und Europa darzustellen.<\/p>\n<p>Falls Sie an einem \u00f6ffentlichen Ritual interessiert sind und auch an diesem teilnehmen m\u00f6chten sind Sie herzlichst zu unseren <a href=\"https:\/\/candomble-berlin.de\/pt-br\/eventos\/\">Veranstaltungen<\/a> eingeladen.<\/p>\n<p>[\/et_pb_text][et_pb_video src=&#8221;https:\/\/www.youtube.com\/watch?v=pYeFOYW-mWc&#038;feature=emb_logo&#8221; src_webm=&#8221;https:\/\/www.youtube.com\/watch?v=pYeFOYW-mWc&#038;feature=emb_logo&#8221; disabled_on=&#8221;off|off|off&#8221; _builder_version=&#8221;4.4.8&#8243;][\/et_pb_video][et_pb_text disabled_on=&#8221;off|off|off&#8221; admin_label=&#8221;Text Video&#8221; _builder_version=&#8221;4.4.8&#8243; header_3_font=&#8221;||on||||||&#8221; header_3_text_color=&#8221;#fe0000&#8243; header_3_font_size=&#8221;20px&#8221;]<\/p>\n<h3>Il\u00ea Ob\u00e1 Silek\u00e9 &#8211; Ein brasilianischer Candombl\u00e9 in Berlin<\/h3>\n<p><strong>\u201eGottesdienst nur Barfu\u00df\u201c<\/strong><\/p>\n<p><strong>Radiofeature von \u00c9tienne Roeder mit Babalorix\u00e1 Muralesimbe<br \/><\/strong>Deutschlandradio 2014, mit Fotos aus dem Il\u00ea Ob\u00e1 Silek\u00e9 in Berlin<\/p>\n<p>[\/et_pb_text][\/et_pb_column][\/et_pb_row][et_pb_row _builder_version=&#8221;4.5.0&#8243; _module_preset=&#8221;default&#8221; collapsed=&#8221;on&#8221;][et_pb_column type=&#8221;4_4&#8243; _builder_version=&#8221;4.5.0&#8243; _module_preset=&#8221;default&#8221;][et_pb_divider show_divider=&#8221;off&#8221; admin_label=&#8221;Doppellinie rot&#8221; _builder_version=&#8221;4.4.8&#8243; custom_margin=&#8221;||50px||false|false&#8221; border_width_bottom=&#8221;6px&#8221; border_color_bottom=&#8221;#fe0000&#8243; border_style_bottom=&#8221;double&#8221; global_module=&#8221;947&#8243; saved_tabs=&#8221;all&#8221;][\/et_pb_divider][\/et_pb_column][\/et_pb_row][et_pb_row _builder_version=&#8221;4.5.0&#8243; _module_preset=&#8221;default&#8221;][et_pb_column type=&#8221;4_4&#8243; _builder_version=&#8221;4.5.0&#8243; _module_preset=&#8221;default&#8221;][et_pb_text _builder_version=&#8221;4.5.0&#8243; text_orientation=&#8221;center&#8221;]<\/p>\n<h2 style=\"text-align: center;\">Aktuelle Nachrichten<\/h2>\n<p>[\/et_pb_text][et_pb_blog fullwidth=&#8221;off&#8221; posts_number=&#8221;3&#8243; include_categories=&#8221;13&#8243; excerpt_length=&#8221;160&#8243; show_author=&#8221;off&#8221; show_date=&#8221;off&#8221; show_pagination=&#8221;off&#8221; use_overlay=&#8221;on&#8221; overlay_icon_color=&#8221;#fe0000&#8243; hover_overlay_color=&#8221;rgba(255,255,255,0.76)&#8221; hover_icon=&#8221;%%3%%&#8221; _builder_version=&#8221;4.9.4&#8243; _module_preset=&#8221;default&#8221; read_more_text_color=&#8221;#fe0000&#8243; read_more_font_size=&#8221;19px&#8221; hover_enabled=&#8221;0&#8243; sticky_enabled=&#8221;0&#8243;][\/et_pb_blog][\/et_pb_column][\/et_pb_row][et_pb_row _builder_version=&#8221;4.5.0&#8243; _module_preset=&#8221;default&#8221; collapsed=&#8221;on&#8221;][et_pb_column type=&#8221;4_4&#8243; _builder_version=&#8221;4.5.0&#8243; _module_preset=&#8221;default&#8221;][et_pb_divider show_divider=&#8221;off&#8221; admin_label=&#8221;Doppellinie rot&#8221; _builder_version=&#8221;4.4.8&#8243; custom_margin=&#8221;||50px||false|false&#8221; border_width_bottom=&#8221;6px&#8221; border_color_bottom=&#8221;#fe0000&#8243; border_style_bottom=&#8221;double&#8221; global_module=&#8221;947&#8243; saved_tabs=&#8221;all&#8221;][\/et_pb_divider][\/et_pb_column][\/et_pb_row][et_pb_row column_structure=&#8221;1_2,1_2&#8243; _builder_version=&#8221;4.5.0&#8243; _module_preset=&#8221;default&#8221;][et_pb_column type=&#8221;1_2&#8243; _builder_version=&#8221;4.5.0&#8243; _module_preset=&#8221;default&#8221;][et_pb_text admin_label=&#8221;Text Glaube&#8221; _builder_version=&#8221;4.8.1&#8243; _module_preset=&#8221;4b07a7dd-347c-463d-838b-a91a4fa17219&#8243; header_3_font=&#8221;||on||||||&#8221; header_3_text_color=&#8221;#fe0000&#8243;]<\/p>\n<h3>Cren\u00e7a<\/h3>\n<p>A viv\u00eancia religiosa e a vida espiritual do Brasil \u00e9 estampada de religi\u00f5es de matriz africana. Milh\u00f5es de brasileiros s\u00e3o integrantes do Candombl\u00e9, mesmo participando de rituais cat\u00f3licos. Um famoso integrante do Candombl\u00e9 \u00e9 o m\u00fasico e ex-ministro da cultura Gilberto Gil.<\/p>\n<p>Candombl\u00e9 \u00e9 uma religi\u00e3o afro-brasileira trazida entre os s\u00e9culos XVI e XIX por escravos africanos para o Brasil. Desde 1970 essa religi\u00e3o, que por muitos anos foi proibida e perseguida pela Igreja e pelo governo, passou oficialmente a ser reconhecida como religi\u00e3o.<\/p>\n<p>[\/et_pb_text][\/et_pb_column][et_pb_column type=&#8221;1_2&#8243; _builder_version=&#8221;4.5.0&#8243; _module_preset=&#8221;default&#8221;][et_pb_text admin_label=&#8221;Text Unesco Weltkulturerbe&#8221; _builder_version=&#8221;4.8.1&#8243; _module_preset=&#8221;4b07a7dd-347c-463d-838b-a91a4fa17219&#8243; header_3_font=&#8221;||on||||||&#8221;]<\/p>\n<h3>Unesco patrim\u00f4nio cultural<\/h3>\n<p>O Brasil \u00e9 um dos pa\u00edses da di\u00e1spora africana onde se encontra uma das maiores diversidades de tradi\u00e7\u00f5es de matriz africana, como a capoeira e o samba. Tamb\u00e9m sao poucos os pa\u00edses que mantiveram religi\u00f5es de origem Iorub\u00e1 como o Candombl\u00e9.<\/p>\n<p>Muito da cultura brasileira foi influenciado por mitos, dan\u00e7as e ritmos do Candombl\u00e9. O Candombl\u00e9 tem assim grande import\u00e2ncia na cultura e na vida do povo brasileiro. Entretanto, por se tratar de tradi\u00e7\u00e3o oral, ainda \u00e9 muito pouco o que existe hoje documentado sobre a religi\u00e3o.<\/p>\n<p>Em 2005, o or\u00e1culo de adivinha\u00e7\u00f5es africano &#8220;If\u00e1&#8221;, aspecto fundamental do Candombl\u00e9 conhecido como jogo de b\u00fazios, foi reconhecido pela Unesco como obra-prima e imaterial do patrim\u00f4nio da humanidade.<\/p>\n<p>[\/et_pb_text][\/et_pb_column][\/et_pb_row][\/et_pb_section]<\/p>\n","protected":false},"excerpt":{"rendered":"<p>Liebe G\u00e4ste des Il\u00ea Ob\u00e1 Silek\u00e9 Hauses in Berlin Herzlich willkommen! Von Deutschland aus er\u00f6ffnen wir diese Webseite mit dem Ziel, die afro-brasilianische Religion des Candombl\u00e9, ihre Riten, Traditionen und ganzheitlichen Heilungswege f\u00fcr interessierte Leser in Deutschland und Europa darzustellen. Falls Sie an einem \u00f6ffentlichen Ritual interessiert sind und auch an diesem teilnehmen m\u00f6chten sind [&hellip;]<\/p>\n","protected":false},"author":2,"featured_media":0,"parent":0,"menu_order":0,"comment_status":"closed","ping_status":"closed","template":"","meta":{"_acf_changed":false,"_et_pb_use_builder":"on","_et_pb_old_content":"","_et_gb_content_width":"","footnotes":""},"class_list":["post-2024","page","type-page","status-publish","hentry"],"acf":[],"yoast_head":"<!-- This site is optimized with the Yoast SEO plugin v27.5 - https:\/\/yoast.com\/product\/yoast-seo-wordpress\/ -->\n<title>In\u00edcio - Candomble Berlin<\/title>\n<meta name=\"robots\" content=\"index, follow, max-snippet:-1, max-image-preview:large, max-video-preview:-1\" \/>\n<link rel=\"canonical\" href=\"https:\/\/candomble-berlin.de\/pt-br\/\" \/>\n<meta property=\"og:locale\" content=\"pt_BR\" \/>\n<meta property=\"og:type\" content=\"article\" \/>\n<meta property=\"og:title\" content=\"In\u00edcio - Candomble Berlin\" \/>\n<meta property=\"og:description\" content=\"Liebe G\u00e4ste des Il\u00ea Ob\u00e1 Silek\u00e9 Hauses in Berlin Herzlich willkommen! Von Deutschland aus er\u00f6ffnen wir diese Webseite mit dem Ziel, die afro-brasilianische Religion des Candombl\u00e9, ihre Riten, Traditionen und ganzheitlichen Heilungswege f\u00fcr interessierte Leser in Deutschland und Europa darzustellen. Falls Sie an einem \u00f6ffentlichen Ritual interessiert sind und auch an diesem teilnehmen m\u00f6chten sind [&hellip;]\" \/>\n<meta property=\"og:site_name\" content=\"Candomble Berlin\" \/>\n<meta property=\"article:modified_time\" content=\"2021-06-14T14:09:44+00:00\" \/>\n<meta name=\"twitter:card\" content=\"summary_large_image\" \/>\n<meta name=\"twitter:label1\" content=\"Est. tempo de leitura\" \/>\n\t<meta name=\"twitter:data1\" content=\"4 minutos\" \/>\n<script type=\"application\/ld+json\" class=\"yoast-schema-graph\">{\"@context\":\"https:\\\/\\\/schema.org\",\"@graph\":[{\"@type\":\"WebPage\",\"@id\":\"https:\\\/\\\/candomble-berlin.de\\\/pt-br\\\/\",\"url\":\"https:\\\/\\\/candomble-berlin.de\\\/pt-br\\\/\",\"name\":\"In\u00edcio - Candomble Berlin\",\"isPartOf\":{\"@id\":\"https:\\\/\\\/candomble-berlin.de\\\/pt-br\\\/#website\"},\"datePublished\":\"2021-05-31T13:49:11+00:00\",\"dateModified\":\"2021-06-14T14:09:44+00:00\",\"breadcrumb\":{\"@id\":\"https:\\\/\\\/candomble-berlin.de\\\/pt-br\\\/#breadcrumb\"},\"inLanguage\":\"pt-BR\",\"potentialAction\":[{\"@type\":\"ReadAction\",\"target\":[\"https:\\\/\\\/candomble-berlin.de\\\/pt-br\\\/\"]}]},{\"@type\":\"BreadcrumbList\",\"@id\":\"https:\\\/\\\/candomble-berlin.de\\\/pt-br\\\/#breadcrumb\",\"itemListElement\":[{\"@type\":\"ListItem\",\"position\":1,\"name\":\"Startseite\",\"item\":\"https:\\\/\\\/candomble-berlin.de\\\/pt-br\\\/\"},{\"@type\":\"ListItem\",\"position\":2,\"name\":\"In\u00edcio\"}]},{\"@type\":\"WebSite\",\"@id\":\"https:\\\/\\\/candomble-berlin.de\\\/pt-br\\\/#website\",\"url\":\"https:\\\/\\\/candomble-berlin.de\\\/pt-br\\\/\",\"name\":\"Candomble Berlin\",\"description\":\"\",\"potentialAction\":[{\"@type\":\"SearchAction\",\"target\":{\"@type\":\"EntryPoint\",\"urlTemplate\":\"https:\\\/\\\/candomble-berlin.de\\\/pt-br\\\/?s={search_term_string}\"},\"query-input\":{\"@type\":\"PropertyValueSpecification\",\"valueRequired\":true,\"valueName\":\"search_term_string\"}}],\"inLanguage\":\"pt-BR\"}]}<\/script>\n<!-- \/ Yoast SEO plugin. -->","yoast_head_json":{"title":"In\u00edcio - Candomble Berlin","robots":{"index":"index","follow":"follow","max-snippet":"max-snippet:-1","max-image-preview":"max-image-preview:large","max-video-preview":"max-video-preview:-1"},"canonical":"https:\/\/candomble-berlin.de\/pt-br\/","og_locale":"pt_BR","og_type":"article","og_title":"In\u00edcio - Candomble Berlin","og_site_name":"Candomble Berlin","article_modified_time":"2021-06-14T14:09:44+00:00","twitter_card":"summary_large_image","twitter_misc":{"Est. tempo de leitura":"4 minutos"},"schema":{"@context":"https:\/\/schema.org","@graph":[{"@type":"WebPage","@id":"https:\/\/candomble-berlin.de\/pt-br\/","url":"https:\/\/candomble-berlin.de\/pt-br\/","name":"In\u00edcio - Candomble Berlin","isPartOf":{"@id":"https:\/\/candomble-berlin.de\/pt-br\/#website"},"datePublished":"2021-05-31T13:49:11+00:00","dateModified":"2021-06-14T14:09:44+00:00","breadcrumb":{"@id":"https:\/\/candomble-berlin.de\/pt-br\/#breadcrumb"},"inLanguage":"pt-BR","potentialAction":[{"@type":"ReadAction","target":["https:\/\/candomble-berlin.de\/pt-br\/"]}]},{"@type":"BreadcrumbList","@id":"https:\/\/candomble-berlin.de\/pt-br\/#breadcrumb","itemListElement":[{"@type":"ListItem","position":1,"name":"Startseite","item":"https:\/\/candomble-berlin.de\/pt-br\/"},{"@type":"ListItem","position":2,"name":"In\u00edcio"}]},{"@type":"WebSite","@id":"https:\/\/candomble-berlin.de\/pt-br\/#website","url":"https:\/\/candomble-berlin.de\/pt-br\/","name":"Candomble Berlin","description":"","potentialAction":[{"@type":"SearchAction","target":{"@type":"EntryPoint","urlTemplate":"https:\/\/candomble-berlin.de\/pt-br\/?s={search_term_string}"},"query-input":{"@type":"PropertyValueSpecification","valueRequired":true,"valueName":"search_term_string"}}],"inLanguage":"pt-BR"}]}},"_links":{"self":[{"href":"https:\/\/candomble-berlin.de\/pt-br\/wp-json\/wp\/v2\/pages\/2024","targetHints":{"allow":["GET"]}}],"collection":[{"href":"https:\/\/candomble-berlin.de\/pt-br\/wp-json\/wp\/v2\/pages"}],"about":[{"href":"https:\/\/candomble-berlin.de\/pt-br\/wp-json\/wp\/v2\/types\/page"}],"author":[{"embeddable":true,"href":"https:\/\/candomble-berlin.de\/pt-br\/wp-json\/wp\/v2\/users\/2"}],"replies":[{"embeddable":true,"href":"https:\/\/candomble-berlin.de\/pt-br\/wp-json\/wp\/v2\/comments?post=2024"}],"version-history":[{"count":8,"href":"https:\/\/candomble-berlin.de\/pt-br\/wp-json\/wp\/v2\/pages\/2024\/revisions"}],"predecessor-version":[{"id":2286,"href":"https:\/\/candomble-berlin.de\/pt-br\/wp-json\/wp\/v2\/pages\/2024\/revisions\/2286"}],"wp:attachment":[{"href":"https:\/\/candomble-berlin.de\/pt-br\/wp-json\/wp\/v2\/media?parent=2024"}],"curies":[{"name":"wp","href":"https:\/\/api.w.org\/{rel}","templated":true}]}}